{"id":2001,"date":"2022-03-24T10:51:17","date_gmt":"2022-03-24T09:51:17","guid":{"rendered":"https:\/\/www.clean-data.fr\/?page_id=2001"},"modified":"2025-04-28T15:14:10","modified_gmt":"2025-04-28T13:14:10","slug":"toutes-les-actualites","status":"publish","type":"page","link":"https:\/\/chateaumeillant.fr\/index.php\/presentation\/toutes-les-actualites\/","title":{"rendered":"Toutes les actualit\u00e9s"},"content":{"rendered":"\t\t<div data-elementor-type=\"wp-page\" data-elementor-id=\"2001\" class=\"elementor elementor-2001\" data-elementor-post-type=\"page\">\n\t\t\t\t\t\t<section class=\"elementor-section elementor-top-section elementor-element elementor-element-640bc504 elementor-section-boxed elementor-section-height-default elementor-section-height-default\" data-id=\"640bc504\" data-element_type=\"section\" data-settings=\"{&quot;background_background&quot;:&quot;classic&quot;}\">\n\t\t\t\t\t\t<div class=\"elementor-container elementor-column-gap-default\">\n\t\t\t\t\t<div class=\"elementor-column elementor-col-100 elementor-top-column elementor-element elementor-element-21780264\" data-id=\"21780264\" data-element_type=\"column\">\n\t\t\t<div class=\"elementor-widget-wrap elementor-element-populated\">\n\t\t\t\t\t\t<div class=\"elementor-element elementor-element-5ed14d76 elementor-widget elementor-widget-spacer\" data-id=\"5ed14d76\" data-element_type=\"widget\" data-widget_type=\"spacer.default\">\n\t\t\t\t<div class=\"elementor-widget-container\">\n\t\t\t\t\t\t\t<div class=\"elementor-spacer\">\n\t\t\t<div class=\"elementor-spacer-inner\"><\/div>\n\t\t<\/div>\n\t\t\t\t\t\t<\/div>\n\t\t\t\t<\/div>\n\t\t\t\t\t<\/div>\n\t\t<\/div>\n\t\t\t\t\t<\/div>\n\t\t<\/section>\n\t\t\t\t<section class=\"elementor-section elementor-top-section elementor-element elementor-element-3f8818d8 elementor-section-full_width elementor-reverse-mobile elementor-section-height-default elementor-section-height-default\" data-id=\"3f8818d8\" data-element_type=\"section\" data-settings=\"{&quot;background_background&quot;:&quot;classic&quot;}\">\n\t\t\t\t\t\t<div class=\"elementor-container elementor-column-gap-default\">\n\t\t\t\t\t<div class=\"elementor-column elementor-col-50 elementor-top-column elementor-element elementor-element-7be541bf\" data-id=\"7be541bf\" data-element_type=\"column\" data-settings=\"{&quot;background_background&quot;:&quot;classic&quot;}\">\n\t\t\t<div class=\"elementor-widget-wrap elementor-element-populated\">\n\t\t\t\t\t\t<div class=\"elementor-element elementor-element-3f5c8eb1 elementor-widget elementor-widget-spacer\" data-id=\"3f5c8eb1\" data-element_type=\"widget\" data-widget_type=\"spacer.default\">\n\t\t\t\t<div class=\"elementor-widget-container\">\n\t\t\t\t\t\t\t<div class=\"elementor-spacer\">\n\t\t\t<div class=\"elementor-spacer-inner\"><\/div>\n\t\t<\/div>\n\t\t\t\t\t\t<\/div>\n\t\t\t\t<\/div>\n\t\t\t\t<section class=\"elementor-section elementor-inner-section elementor-element elementor-element-716896e elementor-section-full_width elementor-section-content-middle elementor-section-height-default elementor-section-height-default\" data-id=\"716896e\" data-element_type=\"section\" data-settings=\"{&quot;background_background&quot;:&quot;classic&quot;}\">\n\t\t\t\t\t\t<div class=\"elementor-container elementor-column-gap-no\">\n\t\t\t\t\t<div class=\"elementor-column elementor-col-50 elementor-inner-column elementor-element elementor-element-b9faaad\" data-id=\"b9faaad\" data-element_type=\"column\" data-settings=\"{&quot;background_background&quot;:&quot;classic&quot;}\">\n\t\t\t<div class=\"elementor-widget-wrap elementor-element-populated\">\n\t\t\t\t\t\t<div class=\"elementor-element elementor-element-6681a48 elementor-widget elementor-widget-image\" data-id=\"6681a48\" data-element_type=\"widget\" data-settings=\"{&quot;motion_fx_motion_fx_scrolling&quot;:&quot;yes&quot;,&quot;motion_fx_translateX_effect&quot;:&quot;yes&quot;,&quot;motion_fx_translateX_direction&quot;:&quot;negative&quot;,&quot;motion_fx_translateX_speed&quot;:{&quot;unit&quot;:&quot;px&quot;,&quot;size&quot;:2.6,&quot;sizes&quot;:[]},&quot;motion_fx_translateX_affectedRange&quot;:{&quot;unit&quot;:&quot;%&quot;,&quot;size&quot;:&quot;&quot;,&quot;sizes&quot;:{&quot;start&quot;:0,&quot;end&quot;:50}},&quot;motion_fx_devices&quot;:[&quot;desktop&quot;,&quot;tablet&quot;,&quot;mobile&quot;]}\" data-widget_type=\"image.default\">\n\t\t\t\t<div class=\"elementor-widget-container\">\n\t\t\t\t\t\t\t\t\t\t\t\t\t\t\t<img decoding=\"async\" width=\"58\" height=\"85\" src=\"https:\/\/chateaumeillant.fr\/wp-content\/uploads\/2022\/03\/icones-eglisesFichier-39@2x.png\" class=\"attachment-large size-large wp-image-268\" alt=\"\" \/>\t\t\t\t\t\t\t\t\t\t\t\t\t\t\t<\/div>\n\t\t\t\t<\/div>\n\t\t\t\t\t<\/div>\n\t\t<\/div>\n\t\t\t\t<div class=\"elementor-column elementor-col-50 elementor-inner-column elementor-element elementor-element-52bdd268\" data-id=\"52bdd268\" data-element_type=\"column\" data-settings=\"{&quot;background_background&quot;:&quot;classic&quot;}\">\n\t\t\t<div class=\"elementor-widget-wrap elementor-element-populated\">\n\t\t\t\t\t\t<div class=\"elementor-element elementor-element-5b76b4ec elementor-widget elementor-widget-heading\" data-id=\"5b76b4ec\" data-element_type=\"widget\" data-settings=\"{&quot;motion_fx_motion_fx_scrolling&quot;:&quot;yes&quot;,&quot;motion_fx_devices&quot;:[&quot;desktop&quot;,&quot;tablet&quot;,&quot;mobile&quot;]}\" data-widget_type=\"heading.default\">\n\t\t\t\t<div class=\"elementor-widget-container\">\n\t\t\t\t\t<h2 class=\"elementor-heading-title elementor-size-default\">Nos actualit\u00e9s<\/h2>\t\t\t\t<\/div>\n\t\t\t\t<\/div>\n\t\t\t\t<div class=\"elementor-element elementor-element-1b1a7b05 elementor-widget-divider--view-line elementor-widget elementor-widget-divider\" data-id=\"1b1a7b05\" data-element_type=\"widget\" data-widget_type=\"divider.default\">\n\t\t\t\t<div class=\"elementor-widget-container\">\n\t\t\t\t\t\t\t<div class=\"elementor-divider\">\n\t\t\t<span class=\"elementor-divider-separator\">\n\t\t\t\t\t\t<\/span>\n\t\t<\/div>\n\t\t\t\t\t\t<\/div>\n\t\t\t\t<\/div>\n\t\t\t\t\t<\/div>\n\t\t<\/div>\n\t\t\t\t\t<\/div>\n\t\t<\/section>\n\t\t\t\t\t<\/div>\n\t\t<\/div>\n\t\t\t\t<div class=\"elementor-column elementor-col-50 elementor-top-column elementor-element elementor-element-68ace17f\" data-id=\"68ace17f\" data-element_type=\"column\" data-settings=\"{&quot;background_background&quot;:&quot;classic&quot;}\">\n\t\t\t<div class=\"elementor-widget-wrap elementor-element-populated\">\n\t\t\t\t\t\t<div class=\"elementor-element elementor-element-3d0ffcf2 elementor-widget elementor-widget-image\" data-id=\"3d0ffcf2\" data-element_type=\"widget\" data-widget_type=\"image.default\">\n\t\t\t\t<div class=\"elementor-widget-container\">\n\t\t\t\t\t\t\t\t\t\t\t\t\t\t\t<img fetchpriority=\"high\" decoding=\"async\" width=\"800\" height=\"117\" src=\"https:\/\/chateaumeillant.fr\/wp-content\/uploads\/2022\/03\/masque-4Fichier-35@2x-1024x150.png\" class=\"attachment-large size-large wp-image-564\" alt=\"\" srcset=\"https:\/\/chateaumeillant.fr\/wp-content\/uploads\/2022\/03\/masque-4Fichier-35@2x-1024x150.png 1024w, https:\/\/chateaumeillant.fr\/wp-content\/uploads\/2022\/03\/masque-4Fichier-35@2x-300x44.png 300w, https:\/\/chateaumeillant.fr\/wp-content\/uploads\/2022\/03\/masque-4Fichier-35@2x-768x112.png 768w, https:\/\/chateaumeillant.fr\/wp-content\/uploads\/2022\/03\/masque-4Fichier-35@2x-1536x224.png 1536w, https:\/\/chateaumeillant.fr\/wp-content\/uploads\/2022\/03\/masque-4Fichier-35@2x-2048x299.png 2048w, https:\/\/chateaumeillant.fr\/wp-content\/uploads\/2022\/03\/masque-4Fichier-35@2x-1200x175.png 1200w, https:\/\/chateaumeillant.fr\/wp-content\/uploads\/2022\/03\/masque-4Fichier-35@2x-1980x289.png 1980w\" sizes=\"(max-width: 800px) 100vw, 800px\" \/>\t\t\t\t\t\t\t\t\t\t\t\t\t\t\t<\/div>\n\t\t\t\t<\/div>\n\t\t\t\t\t<\/div>\n\t\t<\/div>\n\t\t\t\t\t<\/div>\n\t\t<\/section>\n\t\t\t\t<section class=\"elementor-section elementor-top-section elementor-element elementor-element-25999b51 elementor-section-boxed elementor-section-height-default elementor-section-height-default\" data-id=\"25999b51\" data-element_type=\"section\">\n\t\t\t\t\t\t<div class=\"elementor-container elementor-column-gap-default\">\n\t\t\t\t\t<div class=\"elementor-column elementor-col-100 elementor-top-column elementor-element elementor-element-5d4ec79a\" data-id=\"5d4ec79a\" data-element_type=\"column\">\n\t\t\t<div class=\"elementor-widget-wrap elementor-element-populated\">\n\t\t\t\t\t\t<div class=\"elementor-element elementor-element-1f4b8173 elementor-widget elementor-widget-spacer\" data-id=\"1f4b8173\" data-element_type=\"widget\" data-widget_type=\"spacer.default\">\n\t\t\t\t<div class=\"elementor-widget-container\">\n\t\t\t\t\t\t\t<div class=\"elementor-spacer\">\n\t\t\t<div class=\"elementor-spacer-inner\"><\/div>\n\t\t<\/div>\n\t\t\t\t\t\t<\/div>\n\t\t\t\t<\/div>\n\t\t\t\t\t<\/div>\n\t\t<\/div>\n\t\t\t\t\t<\/div>\n\t\t<\/section>\n\t\t\t\t<section class=\"elementor-section elementor-top-section elementor-element elementor-element-31c2f40a elementor-section-boxed elementor-section-height-default elementor-section-height-default\" data-id=\"31c2f40a\" data-element_type=\"section\">\n\t\t\t\t\t\t<div class=\"elementor-container elementor-column-gap-default\">\n\t\t\t\t\t<div class=\"elementor-column elementor-col-100 elementor-top-column elementor-element elementor-element-53074b9\" data-id=\"53074b9\" data-element_type=\"column\">\n\t\t\t<div class=\"elementor-widget-wrap elementor-element-populated\">\n\t\t\t\t\t\t<div class=\"elementor-element elementor-element-6d5fe6b elementor-widget elementor-widget-html\" data-id=\"6d5fe6b\" data-element_type=\"widget\" data-widget_type=\"html.default\">\n\t\t\t\t<div class=\"elementor-widget-container\">\n\t\t\t\t\t<script type=\"text\/javascript\">\nwindow.intramurosCityIdNews = '5357';\nwindow.intramurosAggloIdNews = '281';\nwindow.zoomNews = 1;\nwindow.containerSizeNews = 'large';\nwindow.imageMaxHeightNews = 300;\nwindow.backgroundColorNews = '#ffffff';\nwindow.titleColorNews = '#000000';\nwindow.intramurosActorIdNews = '142488,181477';\nwindow.excludeActorsNews = false;\nwindow.speedNews = 5;\nwindow.displayModeNews = 'slick';\nwindow.truncateNews = 0;\nwindow.showFiltersNews = 0;\nwindow.showPinnedFirstNews = 0;\n<\/script>\n<script type=\"text\/javascript\" charset=\"UTF-8\" src=\"https:\/\/widget.intramuros.org\/js\/5.1.0\/actualite.js\" async><\/script>\n<div id=\"intramuros_news\"><\/div>\n\n\n\t\t\t\t<\/div>\n\t\t\t\t<\/div>\n\t\t\t\t\t<\/div>\n\t\t<\/div>\n\t\t\t\t\t<\/div>\n\t\t<\/section>\n\t\t\t\t<section class=\"elementor-section elementor-top-section elementor-element elementor-element-225436ec elementor-section-boxed elementor-section-height-default elementor-section-height-default\" data-id=\"225436ec\" data-element_type=\"section\">\n\t\t\t\t\t\t<div class=\"elementor-container elementor-column-gap-default\">\n\t\t\t\t\t<div class=\"elementor-column elementor-col-100 elementor-top-column elementor-element elementor-element-132af20c\" data-id=\"132af20c\" data-element_type=\"column\">\n\t\t\t<div class=\"elementor-widget-wrap elementor-element-populated\">\n\t\t\t\t\t\t<div class=\"elementor-element elementor-element-5acc755b elementor-widget elementor-widget-spacer\" data-id=\"5acc755b\" data-element_type=\"widget\" data-widget_type=\"spacer.default\">\n\t\t\t\t<div class=\"elementor-widget-container\">\n\t\t\t\t\t\t\t<div class=\"elementor-spacer\">\n\t\t\t<div class=\"elementor-spacer-inner\"><\/div>\n\t\t<\/div>\n\t\t\t\t\t\t<\/div>\n\t\t\t\t<\/div>\n\t\t\t\t<div class=\"elementor-element elementor-element-0e6e242 elementor-align-center elementor-widget elementor-widget-button\" data-id=\"0e6e242\" data-element_type=\"widget\" data-widget_type=\"button.default\">\n\t\t\t\t<div class=\"elementor-widget-container\">\n\t\t\t\t\t\t\t\t\t<div class=\"elementor-button-wrapper\">\n\t\t\t\t\t<a class=\"elementor-button elementor-button-link elementor-size-sm\" href=\"https:\/\/www.intramuros.org\/chateaumeillant\/actualites\" target=\"_blank\">\n\t\t\t\t\t\t<span class=\"elementor-button-content-wrapper\">\n\t\t\t\t\t\t\t\t\t<span class=\"elementor-button-text\">Site Intramuros.org<\/span>\n\t\t\t\t\t<\/span>\n\t\t\t\t\t<\/a>\n\t\t\t\t<\/div>\n\t\t\t\t\t\t\t\t<\/div>\n\t\t\t\t<\/div>\n\t\t\t\t\t<\/div>\n\t\t<\/div>\n\t\t\t\t\t<\/div>\n\t\t<\/section>\n\t\t\t\t<\/div>\n\t\t","protected":false},"excerpt":{"rendered":"<p>Nos actualit\u00e9s Site Intramuros.org<\/p>\n","protected":false},"author":1,"featured_media":0,"parent":7,"menu_order":0,"comment_status":"closed","ping_status":"closed","template":"elementor_header_footer","meta":{"footnotes":""},"class_list":["post-2001","page","type-page","status-publish","hentry"],"yoast_head":"<!-- This site is optimized with the Yoast SEO plugin v20.8 - https:\/\/yoast.com\/wordpress\/plugins\/seo\/ -->\n<title>Toutes les actualit\u00e9s - Ch\u00e2teaumeillant<\/title>\n<meta name=\"robots\" content=\"index, follow, max-snippet:-1, max-image-preview:large, max-video-preview:-1\" \/>\n<link rel=\"canonical\" href=\"https:\/\/chateaumeillant.fr\/index.php\/presentation\/toutes-les-actualites\/\" \/>\n<meta property=\"og:locale\" content=\"fr_FR\" \/>\n<meta property=\"og:type\" content=\"article\" \/>\n<meta property=\"og:title\" content=\"Toutes les actualit\u00e9s - Ch\u00e2teaumeillant\" \/>\n<meta property=\"og:description\" content=\"Nos actualit\u00e9s Site Intramuros.org\" \/>\n<meta property=\"og:url\" content=\"https:\/\/chateaumeillant.fr\/index.php\/presentation\/toutes-les-actualites\/\" \/>\n<meta property=\"og:site_name\" content=\"Ch\u00e2teaumeillant\" \/>\n<meta property=\"article:publisher\" content=\"https:\/\/www.facebook.com\/profile.php?id=100064284715172\" \/>\n<meta property=\"article:modified_time\" content=\"2025-04-28T13:14:10+00:00\" \/>\n<meta property=\"og:image\" content=\"https:\/\/chateaumeillant.fr\/wp-content\/uploads\/2022\/03\/icones-eglisesFichier-39@2x.png\" \/>\n<meta name=\"twitter:card\" content=\"summary_large_image\" \/>\n<meta name=\"twitter:label1\" content=\"Dur\u00e9e de lecture estim\u00e9e\" \/>\n\t<meta name=\"twitter:data1\" content=\"6 minutes\" \/>\n<script type=\"application\/ld+json\" class=\"yoast-schema-graph\">{\"@context\":\"https:\/\/schema.org\",\"@graph\":[{\"@type\":\"WebPage\",\"@id\":\"https:\/\/chateaumeillant.fr\/index.php\/presentation\/toutes-les-actualites\/\",\"url\":\"https:\/\/chateaumeillant.fr\/index.php\/presentation\/toutes-les-actualites\/\",\"name\":\"Toutes les actualit\u00e9s - Ch\u00e2teaumeillant\",\"isPartOf\":{\"@id\":\"https:\/\/chateaumeillant.fr\/#website\"},\"datePublished\":\"2022-03-24T09:51:17+00:00\",\"dateModified\":\"2025-04-28T13:14:10+00:00\",\"breadcrumb\":{\"@id\":\"https:\/\/chateaumeillant.fr\/index.php\/presentation\/toutes-les-actualites\/#breadcrumb\"},\"inLanguage\":\"fr-FR\",\"potentialAction\":[{\"@type\":\"ReadAction\",\"target\":[\"https:\/\/chateaumeillant.fr\/index.php\/presentation\/toutes-les-actualites\/\"]}]},{\"@type\":\"BreadcrumbList\",\"@id\":\"https:\/\/chateaumeillant.fr\/index.php\/presentation\/toutes-les-actualites\/#breadcrumb\",\"itemListElement\":[{\"@type\":\"ListItem\",\"position\":1,\"name\":\"Accueil\",\"item\":\"https:\/\/chateaumeillant.fr\/\"},{\"@type\":\"ListItem\",\"position\":2,\"name\":\"Nos actualit\u00e9s\",\"item\":\"https:\/\/chateaumeillant.fr\/index.php\/presentation\/\"},{\"@type\":\"ListItem\",\"position\":3,\"name\":\"Toutes les actualit\u00e9s\"}]},{\"@type\":\"WebSite\",\"@id\":\"https:\/\/chateaumeillant.fr\/#website\",\"url\":\"https:\/\/chateaumeillant.fr\/\",\"name\":\"Ch\u00e2teaumeillant\",\"description\":\"A la crois\u00e9e des chemins\",\"publisher\":{\"@id\":\"https:\/\/chateaumeillant.fr\/#organization\"},\"alternateName\":\"Site officiel de la ville de Ch\u00e2teaumeillant\",\"potentialAction\":[{\"@type\":\"SearchAction\",\"target\":{\"@type\":\"EntryPoint\",\"urlTemplate\":\"https:\/\/chateaumeillant.fr\/?s={search_term_string}\"},\"query-input\":\"required name=search_term_string\"}],\"inLanguage\":\"fr-FR\"},{\"@type\":\"Organization\",\"@id\":\"https:\/\/chateaumeillant.fr\/#organization\",\"name\":\"Mairie de Ch\u00e2teaumeillant\",\"alternateName\":\"Commune de Ch\u00e2teaumeillant\",\"url\":\"https:\/\/chateaumeillant.fr\/\",\"logo\":{\"@type\":\"ImageObject\",\"inLanguage\":\"fr-FR\",\"@id\":\"https:\/\/chateaumeillant.fr\/#\/schema\/logo\/image\/\",\"url\":\"https:\/\/chateaumeillant.fr\/wp-content\/uploads\/2022\/03\/cropped-logo-CHTMLLT-couleurFichier-44@2x.png\",\"contentUrl\":\"https:\/\/chateaumeillant.fr\/wp-content\/uploads\/2022\/03\/cropped-logo-CHTMLLT-couleurFichier-44@2x.png\",\"width\":1318,\"height\":250,\"caption\":\"Mairie de Ch\u00e2teaumeillant\"},\"image\":{\"@id\":\"https:\/\/chateaumeillant.fr\/#\/schema\/logo\/image\/\"},\"sameAs\":[\"https:\/\/www.facebook.com\/profile.php?id=100064284715172\"]}]}<\/script>\n<!-- \/ Yoast SEO plugin. -->","yoast_head_json":{"title":"Toutes les actualit\u00e9s - Ch\u00e2teaumeillant","robots":{"index":"index","follow":"follow","max-snippet":"max-snippet:-1","max-image-preview":"max-image-preview:large","max-video-preview":"max-video-preview:-1"},"canonical":"https:\/\/chateaumeillant.fr\/index.php\/presentation\/toutes-les-actualites\/","og_locale":"fr_FR","og_type":"article","og_title":"Toutes les actualit\u00e9s - Ch\u00e2teaumeillant","og_description":"Nos actualit\u00e9s Site Intramuros.org","og_url":"https:\/\/chateaumeillant.fr\/index.php\/presentation\/toutes-les-actualites\/","og_site_name":"Ch\u00e2teaumeillant","article_publisher":"https:\/\/www.facebook.com\/profile.php?id=100064284715172","article_modified_time":"2025-04-28T13:14:10+00:00","og_image":[{"url":"https:\/\/chateaumeillant.fr\/wp-content\/uploads\/2022\/03\/icones-eglisesFichier-39@2x.png"}],"twitter_card":"summary_large_image","twitter_misc":{"Dur\u00e9e de lecture estim\u00e9e":"6 minutes"},"schema":{"@context":"https:\/\/schema.org","@graph":[{"@type":"WebPage","@id":"https:\/\/chateaumeillant.fr\/index.php\/presentation\/toutes-les-actualites\/","url":"https:\/\/chateaumeillant.fr\/index.php\/presentation\/toutes-les-actualites\/","name":"Toutes les actualit\u00e9s - Ch\u00e2teaumeillant","isPartOf":{"@id":"https:\/\/chateaumeillant.fr\/#website"},"datePublished":"2022-03-24T09:51:17+00:00","dateModified":"2025-04-28T13:14:10+00:00","breadcrumb":{"@id":"https:\/\/chateaumeillant.fr\/index.php\/presentation\/toutes-les-actualites\/#breadcrumb"},"inLanguage":"fr-FR","potentialAction":[{"@type":"ReadAction","target":["https:\/\/chateaumeillant.fr\/index.php\/presentation\/toutes-les-actualites\/"]}]},{"@type":"BreadcrumbList","@id":"https:\/\/chateaumeillant.fr\/index.php\/presentation\/toutes-les-actualites\/#breadcrumb","itemListElement":[{"@type":"ListItem","position":1,"name":"Accueil","item":"https:\/\/chateaumeillant.fr\/"},{"@type":"ListItem","position":2,"name":"Nos actualit\u00e9s","item":"https:\/\/chateaumeillant.fr\/index.php\/presentation\/"},{"@type":"ListItem","position":3,"name":"Toutes les actualit\u00e9s"}]},{"@type":"WebSite","@id":"https:\/\/chateaumeillant.fr\/#website","url":"https:\/\/chateaumeillant.fr\/","name":"Ch\u00e2teaumeillant","description":"A la crois\u00e9e des chemins","publisher":{"@id":"https:\/\/chateaumeillant.fr\/#organization"},"alternateName":"Site officiel de la ville de Ch\u00e2teaumeillant","potentialAction":[{"@type":"SearchAction","target":{"@type":"EntryPoint","urlTemplate":"https:\/\/chateaumeillant.fr\/?s={search_term_string}"},"query-input":"required name=search_term_string"}],"inLanguage":"fr-FR"},{"@type":"Organization","@id":"https:\/\/chateaumeillant.fr\/#organization","name":"Mairie de Ch\u00e2teaumeillant","alternateName":"Commune de Ch\u00e2teaumeillant","url":"https:\/\/chateaumeillant.fr\/","logo":{"@type":"ImageObject","inLanguage":"fr-FR","@id":"https:\/\/chateaumeillant.fr\/#\/schema\/logo\/image\/","url":"https:\/\/chateaumeillant.fr\/wp-content\/uploads\/2022\/03\/cropped-logo-CHTMLLT-couleurFichier-44@2x.png","contentUrl":"https:\/\/chateaumeillant.fr\/wp-content\/uploads\/2022\/03\/cropped-logo-CHTMLLT-couleurFichier-44@2x.png","width":1318,"height":250,"caption":"Mairie de Ch\u00e2teaumeillant"},"image":{"@id":"https:\/\/chateaumeillant.fr\/#\/schema\/logo\/image\/"},"sameAs":["https:\/\/www.facebook.com\/profile.php?id=100064284715172"]}]}},"_links":{"self":[{"href":"https:\/\/chateaumeillant.fr\/index.php\/wp-json\/wp\/v2\/pages\/2001","targetHints":{"allow":["GET"]}}],"collection":[{"href":"https:\/\/chateaumeillant.fr\/index.php\/wp-json\/wp\/v2\/pages"}],"about":[{"href":"https:\/\/chateaumeillant.fr\/index.php\/wp-json\/wp\/v2\/types\/page"}],"author":[{"embeddable":true,"href":"https:\/\/chateaumeillant.fr\/index.php\/wp-json\/wp\/v2\/users\/1"}],"replies":[{"embeddable":true,"href":"https:\/\/chateaumeillant.fr\/index.php\/wp-json\/wp\/v2\/comments?post=2001"}],"version-history":[{"count":3,"href":"https:\/\/chateaumeillant.fr\/index.php\/wp-json\/wp\/v2\/pages\/2001\/revisions"}],"predecessor-version":[{"id":11601,"href":"https:\/\/chateaumeillant.fr\/index.php\/wp-json\/wp\/v2\/pages\/2001\/revisions\/11601"}],"up":[{"embeddable":true,"href":"https:\/\/chateaumeillant.fr\/index.php\/wp-json\/wp\/v2\/pages\/7"}],"wp:attachment":[{"href":"https:\/\/chateaumeillant.fr\/index.php\/wp-json\/wp\/v2\/media?parent=2001"}],"curies":[{"name":"wp","href":"https:\/\/api.w.org\/{rel}","templated":true}]}}