{"id":7,"date":"2021-10-19T10:51:40","date_gmt":"2021-10-19T08:51:40","guid":{"rendered":"https:\/\/www.artemis-gibier.com\/?page_id=7"},"modified":"2022-04-05T17:51:15","modified_gmt":"2022-04-05T15:51:15","slug":"presentation","status":"publish","type":"page","link":"https:\/\/chateaumeillant.fr\/index.php\/presentation\/","title":{"rendered":"Nos actualit\u00e9s"},"content":{"rendered":"\t\t<div data-elementor-type=\"wp-page\" data-elementor-id=\"7\" class=\"elementor elementor-7\" data-elementor-post-type=\"page\">\n\t\t\t\t\t\t<section class=\"elementor-section elementor-top-section elementor-element elementor-element-a2376b2 elementor-section-boxed elementor-section-height-default elementor-section-height-default\" data-id=\"a2376b2\" data-element_type=\"section\" data-settings=\"{&quot;background_background&quot;:&quot;classic&quot;}\">\n\t\t\t\t\t\t<div class=\"elementor-container elementor-column-gap-default\">\n\t\t\t\t\t<div class=\"elementor-column elementor-col-100 elementor-top-column elementor-element elementor-element-93b7434\" data-id=\"93b7434\" data-element_type=\"column\">\n\t\t\t<div class=\"elementor-widget-wrap elementor-element-populated\">\n\t\t\t\t\t\t<div class=\"elementor-element elementor-element-4fa05e1 elementor-widget elementor-widget-spacer\" data-id=\"4fa05e1\" data-element_type=\"widget\" data-widget_type=\"spacer.default\">\n\t\t\t\t<div class=\"elementor-widget-container\">\n\t\t\t\t\t\t\t<div class=\"elementor-spacer\">\n\t\t\t<div class=\"elementor-spacer-inner\"><\/div>\n\t\t<\/div>\n\t\t\t\t\t\t<\/div>\n\t\t\t\t<\/div>\n\t\t\t\t\t<\/div>\n\t\t<\/div>\n\t\t\t\t\t<\/div>\n\t\t<\/section>\n\t\t\t\t<section class=\"elementor-section elementor-top-section elementor-element elementor-element-e60088a elementor-section-full_width elementor-reverse-mobile elementor-section-height-default elementor-section-height-default\" data-id=\"e60088a\" data-element_type=\"section\" data-settings=\"{&quot;background_background&quot;:&quot;classic&quot;}\">\n\t\t\t\t\t\t<div class=\"elementor-container elementor-column-gap-default\">\n\t\t\t\t\t<div class=\"elementor-column elementor-col-50 elementor-top-column elementor-element elementor-element-3e25bef\" data-id=\"3e25bef\" data-element_type=\"column\" data-settings=\"{&quot;background_background&quot;:&quot;classic&quot;}\">\n\t\t\t<div class=\"elementor-widget-wrap elementor-element-populated\">\n\t\t\t\t\t\t<div class=\"elementor-element elementor-element-fe0870d elementor-widget elementor-widget-spacer\" data-id=\"fe0870d\" data-element_type=\"widget\" data-widget_type=\"spacer.default\">\n\t\t\t\t<div class=\"elementor-widget-container\">\n\t\t\t\t\t\t\t<div class=\"elementor-spacer\">\n\t\t\t<div class=\"elementor-spacer-inner\"><\/div>\n\t\t<\/div>\n\t\t\t\t\t\t<\/div>\n\t\t\t\t<\/div>\n\t\t\t\t<section class=\"elementor-section elementor-inner-section elementor-element elementor-element-39ee791 elementor-section-full_width elementor-section-content-middle elementor-section-height-default elementor-section-height-default\" data-id=\"39ee791\" data-element_type=\"section\" data-settings=\"{&quot;background_background&quot;:&quot;classic&quot;}\">\n\t\t\t\t\t\t<div class=\"elementor-container elementor-column-gap-no\">\n\t\t\t\t\t<div class=\"elementor-column elementor-col-50 elementor-inner-column elementor-element elementor-element-4d103de\" data-id=\"4d103de\" data-element_type=\"column\" data-settings=\"{&quot;background_background&quot;:&quot;classic&quot;}\">\n\t\t\t<div class=\"elementor-widget-wrap elementor-element-populated\">\n\t\t\t\t\t\t<div class=\"elementor-element elementor-element-079ff20 elementor-widget elementor-widget-image\" data-id=\"079ff20\" data-element_type=\"widget\" data-settings=\"{&quot;motion_fx_motion_fx_scrolling&quot;:&quot;yes&quot;,&quot;motion_fx_translateX_effect&quot;:&quot;yes&quot;,&quot;motion_fx_translateX_direction&quot;:&quot;negative&quot;,&quot;motion_fx_translateX_speed&quot;:{&quot;unit&quot;:&quot;px&quot;,&quot;size&quot;:2.6,&quot;sizes&quot;:[]},&quot;motion_fx_translateX_affectedRange&quot;:{&quot;unit&quot;:&quot;%&quot;,&quot;size&quot;:&quot;&quot;,&quot;sizes&quot;:{&quot;start&quot;:0,&quot;end&quot;:50}},&quot;motion_fx_devices&quot;:[&quot;desktop&quot;,&quot;tablet&quot;,&quot;mobile&quot;]}\" data-widget_type=\"image.default\">\n\t\t\t\t<div class=\"elementor-widget-container\">\n\t\t\t\t\t\t\t\t\t\t\t\t\t\t\t<img decoding=\"async\" width=\"58\" height=\"85\" src=\"https:\/\/chateaumeillant.fr\/wp-content\/uploads\/2022\/03\/icones-eglisesFichier-39@2x.png\" class=\"attachment-large size-large wp-image-268\" alt=\"\" \/>\t\t\t\t\t\t\t\t\t\t\t\t\t\t\t<\/div>\n\t\t\t\t<\/div>\n\t\t\t\t\t<\/div>\n\t\t<\/div>\n\t\t\t\t<div class=\"elementor-column elementor-col-50 elementor-inner-column elementor-element elementor-element-782d037\" data-id=\"782d037\" data-element_type=\"column\" data-settings=\"{&quot;background_background&quot;:&quot;classic&quot;}\">\n\t\t\t<div class=\"elementor-widget-wrap elementor-element-populated\">\n\t\t\t\t\t\t<div class=\"elementor-element elementor-element-207de73 elementor-widget elementor-widget-heading\" data-id=\"207de73\" data-element_type=\"widget\" data-settings=\"{&quot;motion_fx_motion_fx_scrolling&quot;:&quot;yes&quot;,&quot;motion_fx_devices&quot;:[&quot;desktop&quot;,&quot;tablet&quot;,&quot;mobile&quot;]}\" data-widget_type=\"heading.default\">\n\t\t\t\t<div class=\"elementor-widget-container\">\n\t\t\t\t\t<h2 class=\"elementor-heading-title elementor-size-default\">Nos actualit\u00e9s<\/h2>\t\t\t\t<\/div>\n\t\t\t\t<\/div>\n\t\t\t\t<div class=\"elementor-element elementor-element-500d605 elementor-widget-divider--view-line elementor-widget elementor-widget-divider\" data-id=\"500d605\" data-element_type=\"widget\" data-widget_type=\"divider.default\">\n\t\t\t\t<div class=\"elementor-widget-container\">\n\t\t\t\t\t\t\t<div class=\"elementor-divider\">\n\t\t\t<span class=\"elementor-divider-separator\">\n\t\t\t\t\t\t<\/span>\n\t\t<\/div>\n\t\t\t\t\t\t<\/div>\n\t\t\t\t<\/div>\n\t\t\t\t\t<\/div>\n\t\t<\/div>\n\t\t\t\t\t<\/div>\n\t\t<\/section>\n\t\t\t\t\t<\/div>\n\t\t<\/div>\n\t\t\t\t<div class=\"elementor-column elementor-col-50 elementor-top-column elementor-element elementor-element-962edd3\" data-id=\"962edd3\" data-element_type=\"column\" data-settings=\"{&quot;background_background&quot;:&quot;classic&quot;}\">\n\t\t\t<div class=\"elementor-widget-wrap elementor-element-populated\">\n\t\t\t\t\t\t<div class=\"elementor-element elementor-element-2e16c39 elementor-widget elementor-widget-image\" data-id=\"2e16c39\" data-element_type=\"widget\" data-widget_type=\"image.default\">\n\t\t\t\t<div class=\"elementor-widget-container\">\n\t\t\t\t\t\t\t\t\t\t\t\t\t\t\t<img fetchpriority=\"high\" decoding=\"async\" width=\"800\" height=\"117\" src=\"https:\/\/chateaumeillant.fr\/wp-content\/uploads\/2022\/03\/masque-4Fichier-35@2x-1024x150.png\" class=\"attachment-large size-large wp-image-564\" alt=\"\" srcset=\"https:\/\/chateaumeillant.fr\/wp-content\/uploads\/2022\/03\/masque-4Fichier-35@2x-1024x150.png 1024w, https:\/\/chateaumeillant.fr\/wp-content\/uploads\/2022\/03\/masque-4Fichier-35@2x-300x44.png 300w, https:\/\/chateaumeillant.fr\/wp-content\/uploads\/2022\/03\/masque-4Fichier-35@2x-768x112.png 768w, https:\/\/chateaumeillant.fr\/wp-content\/uploads\/2022\/03\/masque-4Fichier-35@2x-1536x224.png 1536w, https:\/\/chateaumeillant.fr\/wp-content\/uploads\/2022\/03\/masque-4Fichier-35@2x-2048x299.png 2048w, https:\/\/chateaumeillant.fr\/wp-content\/uploads\/2022\/03\/masque-4Fichier-35@2x-1200x175.png 1200w, https:\/\/chateaumeillant.fr\/wp-content\/uploads\/2022\/03\/masque-4Fichier-35@2x-1980x289.png 1980w\" sizes=\"(max-width: 800px) 100vw, 800px\" \/>\t\t\t\t\t\t\t\t\t\t\t\t\t\t\t<\/div>\n\t\t\t\t<\/div>\n\t\t\t\t\t<\/div>\n\t\t<\/div>\n\t\t\t\t\t<\/div>\n\t\t<\/section>\n\t\t\t\t<section class=\"elementor-section elementor-top-section elementor-element elementor-element-5bc00efe elementor-section-boxed elementor-section-height-default elementor-section-height-default\" data-id=\"5bc00efe\" data-element_type=\"section\">\n\t\t\t\t\t\t<div class=\"elementor-container elementor-column-gap-default\">\n\t\t\t\t\t<div class=\"elementor-column elementor-col-100 elementor-top-column elementor-element elementor-element-7e34813c\" data-id=\"7e34813c\" data-element_type=\"column\">\n\t\t\t<div class=\"elementor-widget-wrap elementor-element-populated\">\n\t\t\t\t\t\t<div class=\"elementor-element elementor-element-383adead elementor-widget elementor-widget-spacer\" data-id=\"383adead\" data-element_type=\"widget\" data-widget_type=\"spacer.default\">\n\t\t\t\t<div class=\"elementor-widget-container\">\n\t\t\t\t\t\t\t<div class=\"elementor-spacer\">\n\t\t\t<div class=\"elementor-spacer-inner\"><\/div>\n\t\t<\/div>\n\t\t\t\t\t\t<\/div>\n\t\t\t\t<\/div>\n\t\t\t\t\t<\/div>\n\t\t<\/div>\n\t\t\t\t\t<\/div>\n\t\t<\/section>\n\t\t\t\t<section class=\"elementor-section elementor-top-section elementor-element elementor-element-3788772d elementor-section-boxed elementor-section-height-default elementor-section-height-default\" data-id=\"3788772d\" data-element_type=\"section\">\n\t\t\t\t\t\t<div class=\"elementor-container elementor-column-gap-default\">\n\t\t\t\t\t<div class=\"elementor-column elementor-col-100 elementor-top-column elementor-element elementor-element-73600051\" data-id=\"73600051\" data-element_type=\"column\">\n\t\t\t<div class=\"elementor-widget-wrap elementor-element-populated\">\n\t\t\t\t\t\t<div class=\"elementor-element elementor-element-4c2e03bb elementor-grid-3 elementor-grid-tablet-2 elementor-grid-mobile-1 elementor-posts--thumbnail-top elementor-widget elementor-widget-posts\" data-id=\"4c2e03bb\" data-element_type=\"widget\" data-settings=\"{&quot;classic_columns&quot;:&quot;3&quot;,&quot;classic_columns_tablet&quot;:&quot;2&quot;,&quot;classic_columns_mobile&quot;:&quot;1&quot;,&quot;classic_row_gap&quot;:{&quot;unit&quot;:&quot;px&quot;,&quot;size&quot;:35,&quot;sizes&quot;:[]},&quot;classic_row_gap_tablet&quot;:{&quot;unit&quot;:&quot;px&quot;,&quot;size&quot;:&quot;&quot;,&quot;sizes&quot;:[]},&quot;classic_row_gap_mobile&quot;:{&quot;unit&quot;:&quot;px&quot;,&quot;size&quot;:&quot;&quot;,&quot;sizes&quot;:[]}}\" data-widget_type=\"posts.classic\">\n\t\t\t\t<div class=\"elementor-widget-container\">\n\t\t\t\t\t\t\t<div class=\"elementor-posts-container elementor-posts elementor-posts--skin-classic elementor-grid\" role=\"list\">\n\t\t\t\t<article class=\"elementor-post elementor-grid-item post-11947 post type-post status-publish format-standard hentry category-culture\" role=\"listitem\">\n\t\t\t\t<div class=\"elementor-post__text\">\n\t\t\t\t<h3 class=\"elementor-post__title\">\n\t\t\t<a href=\"https:\/\/chateaumeillant.fr\/index.php\/2025\/09\/16\/revivez-la-fete-des-grattons-2025\/\" >\n\t\t\t\tRevivez la f\u00eate des Grattons 2025\t\t\t<\/a>\n\t\t<\/h3>\n\t\t\t\t<div class=\"elementor-post__meta-data\">\n\t\t\t\t\t<span class=\"elementor-post-date\">\n\t\t\t16 septembre 2025\t\t<\/span>\n\t\t\t\t<span class=\"elementor-post-avatar\">\n\t\t\tAucun commentaire\t\t<\/span>\n\t\t\t\t<\/div>\n\t\t\t\t<div class=\"elementor-post__excerpt\">\n\t\t\t\t\t<\/div>\n\t\t\n\t\t<a class=\"elementor-post__read-more\" href=\"https:\/\/chateaumeillant.fr\/index.php\/2025\/09\/16\/revivez-la-fete-des-grattons-2025\/\" aria-label=\"En savoir plus sur Revivez la f\u00eate des Grattons 2025\" tabindex=\"-1\" >\n\t\t\tLire d'avantage \u00bb\t\t<\/a>\n\n\t\t\t\t<\/div>\n\t\t\t\t<\/article>\n\t\t\t\t<article class=\"elementor-post elementor-grid-item post-11037 post type-post status-publish format-standard hentry category-culture\" role=\"listitem\">\n\t\t\t\t<div class=\"elementor-post__text\">\n\t\t\t\t<h3 class=\"elementor-post__title\">\n\t\t\t<a href=\"https:\/\/chateaumeillant.fr\/index.php\/2024\/09\/13\/revivez-le-comice-2024\/\" >\n\t\t\t\tRevivez le Comice 2024\t\t\t<\/a>\n\t\t<\/h3>\n\t\t\t\t<div class=\"elementor-post__meta-data\">\n\t\t\t\t\t<span class=\"elementor-post-date\">\n\t\t\t13 septembre 2024\t\t<\/span>\n\t\t\t\t<span class=\"elementor-post-avatar\">\n\t\t\tAucun commentaire\t\t<\/span>\n\t\t\t\t<\/div>\n\t\t\t\t<div class=\"elementor-post__excerpt\">\n\t\t\t\t\t<\/div>\n\t\t\n\t\t<a class=\"elementor-post__read-more\" href=\"https:\/\/chateaumeillant.fr\/index.php\/2024\/09\/13\/revivez-le-comice-2024\/\" aria-label=\"En savoir plus sur Revivez le Comice 2024\" tabindex=\"-1\" >\n\t\t\tLire d'avantage \u00bb\t\t<\/a>\n\n\t\t\t\t<\/div>\n\t\t\t\t<\/article>\n\t\t\t\t<article class=\"elementor-post elementor-grid-item post-8422 post type-post status-publish format-standard has-post-thumbnail hentry category-actu category-culture\" role=\"listitem\">\n\t\t\t\t<a class=\"elementor-post__thumbnail__link\" href=\"https:\/\/chateaumeillant.fr\/index.php\/2023\/07\/12\/petit-castelmeillantais-2023\/\" tabindex=\"-1\" >\n\t\t\t<div class=\"elementor-post__thumbnail\"><img decoding=\"async\" width=\"211\" height=\"300\" src=\"https:\/\/chateaumeillant.fr\/wp-content\/uploads\/2023\/07\/petitchm-vignette-211x300.jpg\" class=\"attachment-medium size-medium wp-image-8423\" alt=\"\" srcset=\"https:\/\/chateaumeillant.fr\/wp-content\/uploads\/2023\/07\/petitchm-vignette-211x300.jpg 211w, https:\/\/chateaumeillant.fr\/wp-content\/uploads\/2023\/07\/petitchm-vignette.jpg 530w\" sizes=\"(max-width: 211px) 100vw, 211px\" \/><\/div>\n\t\t<\/a>\n\t\t\t\t<div class=\"elementor-post__text\">\n\t\t\t\t<h3 class=\"elementor-post__title\">\n\t\t\t<a href=\"https:\/\/chateaumeillant.fr\/index.php\/2023\/07\/12\/petit-castelmeillantais-2023\/\" >\n\t\t\t\tPetit Castelmeillantais 2023\t\t\t<\/a>\n\t\t<\/h3>\n\t\t\t\t<div class=\"elementor-post__meta-data\">\n\t\t\t\t\t<span class=\"elementor-post-date\">\n\t\t\t12 juillet 2023\t\t<\/span>\n\t\t\t\t<span class=\"elementor-post-avatar\">\n\t\t\tAucun commentaire\t\t<\/span>\n\t\t\t\t<\/div>\n\t\t\t\t<div class=\"elementor-post__excerpt\">\n\t\t\t<p>Ne manquez pas le dernier num\u00e9ro du \u00ab\u00a0Petit Castelmeillantais\u00a0\u00bb 2025, la lettre d&rsquo;information en ligne de la commune de Ch\u00e2teaumeillant. Survolez les documents pour afficher<\/p>\n\t\t<\/div>\n\t\t\n\t\t<a class=\"elementor-post__read-more\" href=\"https:\/\/chateaumeillant.fr\/index.php\/2023\/07\/12\/petit-castelmeillantais-2023\/\" aria-label=\"En savoir plus sur Petit Castelmeillantais 2023\" tabindex=\"-1\" >\n\t\t\tLire d'avantage \u00bb\t\t<\/a>\n\n\t\t\t\t<\/div>\n\t\t\t\t<\/article>\n\t\t\t\t<article class=\"elementor-post elementor-grid-item post-8366 post type-post status-publish format-standard hentry category-actu\" role=\"listitem\">\n\t\t\t\t<div class=\"elementor-post__text\">\n\t\t\t\t<h3 class=\"elementor-post__title\">\n\t\t\t<a href=\"https:\/\/chateaumeillant.fr\/index.php\/2023\/06\/23\/implantation-du-panneau-de-chateaumeillant-sur-a71\/\" >\n\t\t\t\tImplantation du panneau de Ch\u00e2teaumeillant sur A71\t\t\t<\/a>\n\t\t<\/h3>\n\t\t\t\t<div class=\"elementor-post__meta-data\">\n\t\t\t\t\t<span class=\"elementor-post-date\">\n\t\t\t23 juin 2023\t\t<\/span>\n\t\t\t\t<span class=\"elementor-post-avatar\">\n\t\t\tAucun commentaire\t\t<\/span>\n\t\t\t\t<\/div>\n\t\t\t\t<div class=\"elementor-post__excerpt\">\n\t\t\t<p>cr\u00e9dit illustration \u00ab Cruschiform pour APRR\u00a0\u00bb<\/p>\n\t\t<\/div>\n\t\t\n\t\t<a class=\"elementor-post__read-more\" href=\"https:\/\/chateaumeillant.fr\/index.php\/2023\/06\/23\/implantation-du-panneau-de-chateaumeillant-sur-a71\/\" aria-label=\"En savoir plus sur Implantation du panneau de Ch\u00e2teaumeillant sur A71\" tabindex=\"-1\" >\n\t\t\tLire d'avantage \u00bb\t\t<\/a>\n\n\t\t\t\t<\/div>\n\t\t\t\t<\/article>\n\t\t\t\t<article class=\"elementor-post elementor-grid-item post-8360 post type-post status-publish format-standard hentry category-actu\" role=\"listitem\">\n\t\t\t\t<div class=\"elementor-post__text\">\n\t\t\t\t<h3 class=\"elementor-post__title\">\n\t\t\t<a href=\"https:\/\/chateaumeillant.fr\/index.php\/2023\/06\/23\/portrait-alimentaire-du-pays-berry-saint-amandois\/\" >\n\t\t\t\tPortrait Alimentaire du Pays Berry Saint Amandois\t\t\t<\/a>\n\t\t<\/h3>\n\t\t\t\t<div class=\"elementor-post__meta-data\">\n\t\t\t\t\t<span class=\"elementor-post-date\">\n\t\t\t23 juin 2023\t\t<\/span>\n\t\t\t\t<span class=\"elementor-post-avatar\">\n\t\t\tAucun commentaire\t\t<\/span>\n\t\t\t\t<\/div>\n\t\t\t\t<div class=\"elementor-post__excerpt\">\n\t\t\t\t\t<\/div>\n\t\t\n\t\t<a class=\"elementor-post__read-more\" href=\"https:\/\/chateaumeillant.fr\/index.php\/2023\/06\/23\/portrait-alimentaire-du-pays-berry-saint-amandois\/\" aria-label=\"En savoir plus sur Portrait Alimentaire du Pays Berry Saint Amandois\" tabindex=\"-1\" >\n\t\t\tLire d'avantage \u00bb\t\t<\/a>\n\n\t\t\t\t<\/div>\n\t\t\t\t<\/article>\n\t\t\t\t<article class=\"elementor-post elementor-grid-item post-8353 post type-post status-publish format-standard hentry category-actu\" role=\"listitem\">\n\t\t\t\t<div class=\"elementor-post__text\">\n\t\t\t\t<h3 class=\"elementor-post__title\">\n\t\t\t<a href=\"https:\/\/chateaumeillant.fr\/index.php\/2023\/06\/21\/solution-daccompagnement-jeune\/\" >\n\t\t\t\tSolution d&rsquo;accompagnement jeune\t\t\t<\/a>\n\t\t<\/h3>\n\t\t\t\t<div class=\"elementor-post__meta-data\">\n\t\t\t\t\t<span class=\"elementor-post-date\">\n\t\t\t21 juin 2023\t\t<\/span>\n\t\t\t\t<span class=\"elementor-post-avatar\">\n\t\t\tAucun commentaire\t\t<\/span>\n\t\t\t\t<\/div>\n\t\t\t\t<div class=\"elementor-post__excerpt\">\n\t\t\t\t\t<\/div>\n\t\t\n\t\t<a class=\"elementor-post__read-more\" href=\"https:\/\/chateaumeillant.fr\/index.php\/2023\/06\/21\/solution-daccompagnement-jeune\/\" aria-label=\"En savoir plus sur Solution d&rsquo;accompagnement jeune\" tabindex=\"-1\" >\n\t\t\tLire d'avantage \u00bb\t\t<\/a>\n\n\t\t\t\t<\/div>\n\t\t\t\t<\/article>\n\t\t\t\t<\/div>\n\t\t\n\t\t\t\t\t\t<\/div>\n\t\t\t\t<\/div>\n\t\t\t\t\t<\/div>\n\t\t<\/div>\n\t\t\t\t\t<\/div>\n\t\t<\/section>\n\t\t\t\t<section class=\"elementor-section elementor-top-section elementor-element elementor-element-40a7f535 elementor-section-boxed elementor-section-height-default elementor-section-height-default\" data-id=\"40a7f535\" data-element_type=\"section\">\n\t\t\t\t\t\t<div class=\"elementor-container elementor-column-gap-default\">\n\t\t\t\t\t<div class=\"elementor-column elementor-col-100 elementor-top-column elementor-element elementor-element-394cef9c\" data-id=\"394cef9c\" data-element_type=\"column\">\n\t\t\t<div class=\"elementor-widget-wrap elementor-element-populated\">\n\t\t\t\t\t\t<div class=\"elementor-element elementor-element-64b94eb elementor-widget elementor-widget-spacer\" data-id=\"64b94eb\" data-element_type=\"widget\" data-widget_type=\"spacer.default\">\n\t\t\t\t<div class=\"elementor-widget-container\">\n\t\t\t\t\t\t\t<div class=\"elementor-spacer\">\n\t\t\t<div class=\"elementor-spacer-inner\"><\/div>\n\t\t<\/div>\n\t\t\t\t\t\t<\/div>\n\t\t\t\t<\/div>\n\t\t\t\t\t<\/div>\n\t\t<\/div>\n\t\t\t\t\t<\/div>\n\t\t<\/section>\n\t\t\t\t<\/div>\n\t\t","protected":false},"excerpt":{"rendered":"<p>Nos actualit\u00e9s<\/p>\n","protected":false},"author":1,"featured_media":0,"parent":0,"menu_order":0,"comment_status":"closed","ping_status":"closed","template":"elementor_header_footer","meta":{"footnotes":""},"class_list":["post-7","page","type-page","status-publish","hentry"],"yoast_head":"<!-- This site is optimized with the Yoast SEO plugin v20.8 - https:\/\/yoast.com\/wordpress\/plugins\/seo\/ -->\n<title>Nos actualit\u00e9s - Ch\u00e2teaumeillant<\/title>\n<meta name=\"robots\" content=\"index, follow, max-snippet:-1, max-image-preview:large, max-video-preview:-1\" \/>\n<link rel=\"canonical\" href=\"https:\/\/chateaumeillant.fr\/index.php\/presentation\/\" \/>\n<meta property=\"og:locale\" content=\"fr_FR\" \/>\n<meta property=\"og:type\" content=\"article\" \/>\n<meta property=\"og:title\" content=\"Nos actualit\u00e9s - Ch\u00e2teaumeillant\" \/>\n<meta property=\"og:description\" content=\"Nos actualit\u00e9s\" \/>\n<meta property=\"og:url\" content=\"https:\/\/chateaumeillant.fr\/index.php\/presentation\/\" \/>\n<meta property=\"og:site_name\" content=\"Ch\u00e2teaumeillant\" \/>\n<meta property=\"article:publisher\" content=\"https:\/\/www.facebook.com\/profile.php?id=100064284715172\" \/>\n<meta property=\"article:modified_time\" content=\"2022-04-05T15:51:15+00:00\" \/>\n<meta property=\"og:image\" content=\"https:\/\/chateaumeillant.fr\/wp-content\/uploads\/2022\/03\/icones-eglisesFichier-39@2x.png\" \/>\n<meta name=\"twitter:card\" content=\"summary_large_image\" \/>\n<script type=\"application\/ld+json\" class=\"yoast-schema-graph\">{\"@context\":\"https:\/\/schema.org\",\"@graph\":[{\"@type\":\"WebPage\",\"@id\":\"https:\/\/chateaumeillant.fr\/index.php\/presentation\/\",\"url\":\"https:\/\/chateaumeillant.fr\/index.php\/presentation\/\",\"name\":\"Nos actualit\u00e9s - Ch\u00e2teaumeillant\",\"isPartOf\":{\"@id\":\"https:\/\/chateaumeillant.fr\/#website\"},\"datePublished\":\"2021-10-19T08:51:40+00:00\",\"dateModified\":\"2022-04-05T15:51:15+00:00\",\"breadcrumb\":{\"@id\":\"https:\/\/chateaumeillant.fr\/index.php\/presentation\/#breadcrumb\"},\"inLanguage\":\"fr-FR\",\"potentialAction\":[{\"@type\":\"ReadAction\",\"target\":[\"https:\/\/chateaumeillant.fr\/index.php\/presentation\/\"]}]},{\"@type\":\"BreadcrumbList\",\"@id\":\"https:\/\/chateaumeillant.fr\/index.php\/presentation\/#breadcrumb\",\"itemListElement\":[{\"@type\":\"ListItem\",\"position\":1,\"name\":\"Accueil\",\"item\":\"https:\/\/chateaumeillant.fr\/\"},{\"@type\":\"ListItem\",\"position\":2,\"name\":\"Nos actualit\u00e9s\"}]},{\"@type\":\"WebSite\",\"@id\":\"https:\/\/chateaumeillant.fr\/#website\",\"url\":\"https:\/\/chateaumeillant.fr\/\",\"name\":\"Ch\u00e2teaumeillant\",\"description\":\"A la crois\u00e9e des chemins\",\"publisher\":{\"@id\":\"https:\/\/chateaumeillant.fr\/#organization\"},\"alternateName\":\"Site officiel de la ville de Ch\u00e2teaumeillant\",\"potentialAction\":[{\"@type\":\"SearchAction\",\"target\":{\"@type\":\"EntryPoint\",\"urlTemplate\":\"https:\/\/chateaumeillant.fr\/?s={search_term_string}\"},\"query-input\":\"required name=search_term_string\"}],\"inLanguage\":\"fr-FR\"},{\"@type\":\"Organization\",\"@id\":\"https:\/\/chateaumeillant.fr\/#organization\",\"name\":\"Mairie de Ch\u00e2teaumeillant\",\"alternateName\":\"Commune de Ch\u00e2teaumeillant\",\"url\":\"https:\/\/chateaumeillant.fr\/\",\"logo\":{\"@type\":\"ImageObject\",\"inLanguage\":\"fr-FR\",\"@id\":\"https:\/\/chateaumeillant.fr\/#\/schema\/logo\/image\/\",\"url\":\"https:\/\/chateaumeillant.fr\/wp-content\/uploads\/2022\/03\/cropped-logo-CHTMLLT-couleurFichier-44@2x.png\",\"contentUrl\":\"https:\/\/chateaumeillant.fr\/wp-content\/uploads\/2022\/03\/cropped-logo-CHTMLLT-couleurFichier-44@2x.png\",\"width\":1318,\"height\":250,\"caption\":\"Mairie de Ch\u00e2teaumeillant\"},\"image\":{\"@id\":\"https:\/\/chateaumeillant.fr\/#\/schema\/logo\/image\/\"},\"sameAs\":[\"https:\/\/www.facebook.com\/profile.php?id=100064284715172\"]}]}<\/script>\n<!-- \/ Yoast SEO plugin. -->","yoast_head_json":{"title":"Nos actualit\u00e9s - Ch\u00e2teaumeillant","robots":{"index":"index","follow":"follow","max-snippet":"max-snippet:-1","max-image-preview":"max-image-preview:large","max-video-preview":"max-video-preview:-1"},"canonical":"https:\/\/chateaumeillant.fr\/index.php\/presentation\/","og_locale":"fr_FR","og_type":"article","og_title":"Nos actualit\u00e9s - Ch\u00e2teaumeillant","og_description":"Nos actualit\u00e9s","og_url":"https:\/\/chateaumeillant.fr\/index.php\/presentation\/","og_site_name":"Ch\u00e2teaumeillant","article_publisher":"https:\/\/www.facebook.com\/profile.php?id=100064284715172","article_modified_time":"2022-04-05T15:51:15+00:00","og_image":[{"url":"https:\/\/chateaumeillant.fr\/wp-content\/uploads\/2022\/03\/icones-eglisesFichier-39@2x.png"}],"twitter_card":"summary_large_image","schema":{"@context":"https:\/\/schema.org","@graph":[{"@type":"WebPage","@id":"https:\/\/chateaumeillant.fr\/index.php\/presentation\/","url":"https:\/\/chateaumeillant.fr\/index.php\/presentation\/","name":"Nos actualit\u00e9s - Ch\u00e2teaumeillant","isPartOf":{"@id":"https:\/\/chateaumeillant.fr\/#website"},"datePublished":"2021-10-19T08:51:40+00:00","dateModified":"2022-04-05T15:51:15+00:00","breadcrumb":{"@id":"https:\/\/chateaumeillant.fr\/index.php\/presentation\/#breadcrumb"},"inLanguage":"fr-FR","potentialAction":[{"@type":"ReadAction","target":["https:\/\/chateaumeillant.fr\/index.php\/presentation\/"]}]},{"@type":"BreadcrumbList","@id":"https:\/\/chateaumeillant.fr\/index.php\/presentation\/#breadcrumb","itemListElement":[{"@type":"ListItem","position":1,"name":"Accueil","item":"https:\/\/chateaumeillant.fr\/"},{"@type":"ListItem","position":2,"name":"Nos actualit\u00e9s"}]},{"@type":"WebSite","@id":"https:\/\/chateaumeillant.fr\/#website","url":"https:\/\/chateaumeillant.fr\/","name":"Ch\u00e2teaumeillant","description":"A la crois\u00e9e des chemins","publisher":{"@id":"https:\/\/chateaumeillant.fr\/#organization"},"alternateName":"Site officiel de la ville de Ch\u00e2teaumeillant","potentialAction":[{"@type":"SearchAction","target":{"@type":"EntryPoint","urlTemplate":"https:\/\/chateaumeillant.fr\/?s={search_term_string}"},"query-input":"required name=search_term_string"}],"inLanguage":"fr-FR"},{"@type":"Organization","@id":"https:\/\/chateaumeillant.fr\/#organization","name":"Mairie de Ch\u00e2teaumeillant","alternateName":"Commune de Ch\u00e2teaumeillant","url":"https:\/\/chateaumeillant.fr\/","logo":{"@type":"ImageObject","inLanguage":"fr-FR","@id":"https:\/\/chateaumeillant.fr\/#\/schema\/logo\/image\/","url":"https:\/\/chateaumeillant.fr\/wp-content\/uploads\/2022\/03\/cropped-logo-CHTMLLT-couleurFichier-44@2x.png","contentUrl":"https:\/\/chateaumeillant.fr\/wp-content\/uploads\/2022\/03\/cropped-logo-CHTMLLT-couleurFichier-44@2x.png","width":1318,"height":250,"caption":"Mairie de Ch\u00e2teaumeillant"},"image":{"@id":"https:\/\/chateaumeillant.fr\/#\/schema\/logo\/image\/"},"sameAs":["https:\/\/www.facebook.com\/profile.php?id=100064284715172"]}]}},"_links":{"self":[{"href":"https:\/\/chateaumeillant.fr\/index.php\/wp-json\/wp\/v2\/pages\/7","targetHints":{"allow":["GET"]}}],"collection":[{"href":"https:\/\/chateaumeillant.fr\/index.php\/wp-json\/wp\/v2\/pages"}],"about":[{"href":"https:\/\/chateaumeillant.fr\/index.php\/wp-json\/wp\/v2\/types\/page"}],"author":[{"embeddable":true,"href":"https:\/\/chateaumeillant.fr\/index.php\/wp-json\/wp\/v2\/users\/1"}],"replies":[{"embeddable":true,"href":"https:\/\/chateaumeillant.fr\/index.php\/wp-json\/wp\/v2\/comments?post=7"}],"version-history":[{"count":0,"href":"https:\/\/chateaumeillant.fr\/index.php\/wp-json\/wp\/v2\/pages\/7\/revisions"}],"wp:attachment":[{"href":"https:\/\/chateaumeillant.fr\/index.php\/wp-json\/wp\/v2\/media?parent=7"}],"curies":[{"name":"wp","href":"https:\/\/api.w.org\/{rel}","templated":true}]}}