{"id":773,"date":"2022-03-04T16:20:10","date_gmt":"2022-03-04T15:20:10","guid":{"rendered":"https:\/\/www.clean-data.fr\/?page_id=773"},"modified":"2026-02-24T09:18:14","modified_gmt":"2026-02-24T08:18:14","slug":"aterissage","status":"publish","type":"page","link":"https:\/\/chateaumeillant.fr\/","title":{"rendered":"At\u00e9rissage"},"content":{"rendered":"\t\t<div data-elementor-type=\"wp-page\" data-elementor-id=\"773\" class=\"elementor elementor-773\" data-elementor-post-type=\"page\">\n\t\t\t\t\t\t<section class=\"elementor-section elementor-top-section elementor-element elementor-element-2d2b048 elementor-section-full_width elementor-section-height-default elementor-section-height-default\" data-id=\"2d2b048\" data-element_type=\"section\" data-settings=\"{&quot;background_background&quot;:&quot;classic&quot;}\">\n\t\t\t\t\t\t\t<div class=\"elementor-background-overlay\"><\/div>\n\t\t\t\t\t\t\t<div class=\"elementor-container elementor-column-gap-no\">\n\t\t\t\t\t<div class=\"elementor-column elementor-col-100 elementor-top-column elementor-element elementor-element-0dedbaf\" data-id=\"0dedbaf\" data-element_type=\"column\">\n\t\t\t<div class=\"elementor-widget-wrap elementor-element-populated\">\n\t\t\t\t\t\t<section class=\"elementor-section elementor-inner-section elementor-element elementor-element-330fb08 elementor-section-boxed elementor-section-height-default elementor-section-height-default\" data-id=\"330fb08\" data-element_type=\"section\">\n\t\t\t\t\t\t<div class=\"elementor-container elementor-column-gap-default\">\n\t\t\t\t\t<div class=\"elementor-column elementor-col-50 elementor-inner-column elementor-element elementor-element-ecde3db\" data-id=\"ecde3db\" data-element_type=\"column\" data-settings=\"{&quot;background_background&quot;:&quot;classic&quot;}\">\n\t\t\t<div class=\"elementor-widget-wrap elementor-element-populated\">\n\t\t\t\t\t<div class=\"elementor-background-overlay\"><\/div>\n\t\t\t\t\t\t<div class=\"elementor-element elementor-element-bb0c342 elementor-widget elementor-widget-spacer\" data-id=\"bb0c342\" data-element_type=\"widget\" data-widget_type=\"spacer.default\">\n\t\t\t\t<div class=\"elementor-widget-container\">\n\t\t\t\t\t\t\t<div class=\"elementor-spacer\">\n\t\t\t<div class=\"elementor-spacer-inner\"><\/div>\n\t\t<\/div>\n\t\t\t\t\t\t<\/div>\n\t\t\t\t<\/div>\n\t\t\t\t<div class=\"elementor-element elementor-element-5833408 elementor-widget__width-initial elementor-widget elementor-widget-text-editor\" data-id=\"5833408\" data-element_type=\"widget\" data-widget_type=\"text-editor.default\">\n\t\t\t\t<div class=\"elementor-widget-container\">\n\t\t\t\t\t\t\t\t\t<p><strong>ELECTION DE LA REINE<\/strong><\/p><p>4 Avril 2026 \u00e0 19H<\/p>\t\t\t\t\t\t\t\t<\/div>\n\t\t\t\t<\/div>\n\t\t\t\t<div class=\"elementor-element elementor-element-df2bd37 elementor-align-center elementor-widget elementor-widget-button\" data-id=\"df2bd37\" data-element_type=\"widget\" data-widget_type=\"button.default\">\n\t\t\t\t<div class=\"elementor-widget-container\">\n\t\t\t\t\t\t\t\t\t<div class=\"elementor-button-wrapper\">\n\t\t\t\t\t<a class=\"elementor-button elementor-button-link elementor-size-md\" href=\"https:\/\/chateaumeillant.fr\/wp-content\/uploads\/2026\/02\/reine-chm-2026.jpg\" target=\"_blank\">\n\t\t\t\t\t\t<span class=\"elementor-button-content-wrapper\">\n\t\t\t\t\t\t\t\t\t<span class=\"elementor-button-text\">Inscription  avant le 6 Mars 2026<\/span>\n\t\t\t\t\t<\/span>\n\t\t\t\t\t<\/a>\n\t\t\t\t<\/div>\n\t\t\t\t\t\t\t\t<\/div>\n\t\t\t\t<\/div>\n\t\t\t\t\t<\/div>\n\t\t<\/div>\n\t\t\t\t<div class=\"elementor-column elementor-col-50 elementor-inner-column elementor-element elementor-element-476f821\" data-id=\"476f821\" data-element_type=\"column\">\n\t\t\t<div class=\"elementor-widget-wrap elementor-element-populated\">\n\t\t\t\t\t\t<div class=\"elementor-element elementor-element-afa5285 elementor-widget elementor-widget-spacer\" data-id=\"afa5285\" data-element_type=\"widget\" data-widget_type=\"spacer.default\">\n\t\t\t\t<div class=\"elementor-widget-container\">\n\t\t\t\t\t\t\t<div class=\"elementor-spacer\">\n\t\t\t<div class=\"elementor-spacer-inner\"><\/div>\n\t\t<\/div>\n\t\t\t\t\t\t<\/div>\n\t\t\t\t<\/div>\n\t\t\t\t<div class=\"elementor-element elementor-element-afea9b4 elementor-widget elementor-widget-image\" data-id=\"afea9b4\" data-element_type=\"widget\" data-widget_type=\"image.default\">\n\t\t\t\t<div class=\"elementor-widget-container\">\n\t\t\t\t\t\t\t\t\t\t\t\t\t\t\t<img fetchpriority=\"high\" decoding=\"async\" width=\"800\" height=\"152\" src=\"https:\/\/chateaumeillant.fr\/wp-content\/uploads\/2022\/03\/logo-CHTMLLT-blancFichier-37@2x-1024x194.png\" class=\"attachment-large size-large wp-image-264\" alt=\"\" srcset=\"https:\/\/chateaumeillant.fr\/wp-content\/uploads\/2022\/03\/logo-CHTMLLT-blancFichier-37@2x-1024x194.png 1024w, https:\/\/chateaumeillant.fr\/wp-content\/uploads\/2022\/03\/logo-CHTMLLT-blancFichier-37@2x-300x57.png 300w, https:\/\/chateaumeillant.fr\/wp-content\/uploads\/2022\/03\/logo-CHTMLLT-blancFichier-37@2x-768x146.png 768w, https:\/\/chateaumeillant.fr\/wp-content\/uploads\/2022\/03\/logo-CHTMLLT-blancFichier-37@2x-1200x228.png 1200w, https:\/\/chateaumeillant.fr\/wp-content\/uploads\/2022\/03\/logo-CHTMLLT-blancFichier-37@2x.png 1244w\" sizes=\"(max-width: 800px) 100vw, 800px\" \/>\t\t\t\t\t\t\t\t\t\t\t\t\t\t\t<\/div>\n\t\t\t\t<\/div>\n\t\t\t\t<div class=\"elementor-element elementor-element-58a48d4 elementor-align-center elementor-widget elementor-widget-button\" data-id=\"58a48d4\" data-element_type=\"widget\" data-widget_type=\"button.default\">\n\t\t\t\t<div class=\"elementor-widget-container\">\n\t\t\t\t\t\t\t\t\t<div class=\"elementor-button-wrapper\">\n\t\t\t\t\t<a class=\"elementor-button elementor-button-link elementor-size-sm\" href=\"https:\/\/chateaumeillant.fr\/index.php\/accueil\/\">\n\t\t\t\t\t\t<span class=\"elementor-button-content-wrapper\">\n\t\t\t\t\t\t\t\t\t<span class=\"elementor-button-text\">Visitez Ch\u00e2teaumeillant<\/span>\n\t\t\t\t\t<\/span>\n\t\t\t\t\t<\/a>\n\t\t\t\t<\/div>\n\t\t\t\t\t\t\t\t<\/div>\n\t\t\t\t<\/div>\n\t\t\t\t<div class=\"elementor-element elementor-element-eeeed5b elementor-widget elementor-widget-spacer\" data-id=\"eeeed5b\" data-element_type=\"widget\" data-widget_type=\"spacer.default\">\n\t\t\t\t<div class=\"elementor-widget-container\">\n\t\t\t\t\t\t\t<div class=\"elementor-spacer\">\n\t\t\t<div class=\"elementor-spacer-inner\"><\/div>\n\t\t<\/div>\n\t\t\t\t\t\t<\/div>\n\t\t\t\t<\/div>\n\t\t\t\t<div class=\"elementor-element elementor-element-8b4c8ac elementor-widget elementor-widget-text-editor\" data-id=\"8b4c8ac\" data-element_type=\"widget\" data-widget_type=\"text-editor.default\">\n\t\t\t\t<div class=\"elementor-widget-container\">\n\t\t\t\t\t\t\t\t\t<p style=\"text-align: center;\">Click on the flag to see the english version.\u00a0<\/p>\t\t\t\t\t\t\t\t<\/div>\n\t\t\t\t<\/div>\n\t\t\t\t<div class=\"elementor-element elementor-element-8f4582c elementor-widget elementor-widget-image\" data-id=\"8f4582c\" data-element_type=\"widget\" data-widget_type=\"image.default\">\n\t\t\t\t<div class=\"elementor-widget-container\">\n\t\t\t\t\t\t\t\t\t\t\t\t\t\t\t\t<a href=\"https:\/\/chateaumeillant-fr.translate.goog\/index.php\/accueil\/?_x_tr_sl=fr&#038;_x_tr_tl=en&#038;_x_tr_hl=fr&#038;_x_tr_pto=wapp\">\n\t\t\t\t\t\t\t<img decoding=\"async\" width=\"499\" height=\"328\" src=\"https:\/\/chateaumeillant.fr\/wp-content\/uploads\/2024\/03\/traduction-chateaumeillant.png\" class=\"attachment-large size-large wp-image-10747\" alt=\"\" srcset=\"https:\/\/chateaumeillant.fr\/wp-content\/uploads\/2024\/03\/traduction-chateaumeillant.png 499w, https:\/\/chateaumeillant.fr\/wp-content\/uploads\/2024\/03\/traduction-chateaumeillant-300x197.png 300w\" sizes=\"(max-width: 499px) 100vw, 499px\" \/>\t\t\t\t\t\t\t\t<\/a>\n\t\t\t\t\t\t\t\t\t\t\t\t\t\t\t<\/div>\n\t\t\t\t<\/div>\n\t\t\t\t<div class=\"elementor-element elementor-element-2c92d65 elementor-widget elementor-widget-spacer\" data-id=\"2c92d65\" data-element_type=\"widget\" data-widget_type=\"spacer.default\">\n\t\t\t\t<div class=\"elementor-widget-container\">\n\t\t\t\t\t\t\t<div class=\"elementor-spacer\">\n\t\t\t<div class=\"elementor-spacer-inner\"><\/div>\n\t\t<\/div>\n\t\t\t\t\t\t<\/div>\n\t\t\t\t<\/div>\n\t\t\t\t\t<\/div>\n\t\t<\/div>\n\t\t\t\t\t<\/div>\n\t\t<\/section>\n\t\t\t\t\t<\/div>\n\t\t<\/div>\n\t\t\t\t\t<\/div>\n\t\t<\/section>\n\t\t\t\t<\/div>\n\t\t","protected":false},"excerpt":{"rendered":"<p>ELECTION DE LA REINE 4 Avril 2026 \u00e0 19H Inscription avant le 6 Mars 2026 Visitez Ch\u00e2teaumeillant Click on the flag to see the english version.\u00a0<\/p>\n","protected":false},"author":1,"featured_media":0,"parent":0,"menu_order":0,"comment_status":"closed","ping_status":"closed","template":"elementor_canvas","meta":{"footnotes":""},"class_list":["post-773","page","type-page","status-publish","hentry"],"yoast_head":"<!-- This site is optimized with the Yoast SEO plugin v20.8 - https:\/\/yoast.com\/wordpress\/plugins\/seo\/ -->\n<title>At\u00e9rissage - Ch\u00e2teaumeillant<\/title>\n<meta name=\"robots\" content=\"index, follow, max-snippet:-1, max-image-preview:large, max-video-preview:-1\" \/>\n<link rel=\"canonical\" href=\"https:\/\/chateaumeillant.fr\/\" \/>\n<meta property=\"og:locale\" content=\"fr_FR\" \/>\n<meta property=\"og:type\" content=\"article\" \/>\n<meta property=\"og:title\" content=\"At\u00e9rissage - Ch\u00e2teaumeillant\" \/>\n<meta property=\"og:description\" content=\"ELECTION DE LA REINE 4 Avril 2026 \u00e0 19H Inscription avant le 6 Mars 2026 Visitez Ch\u00e2teaumeillant Click on the flag to see the english version.\u00a0\" \/>\n<meta property=\"og:url\" content=\"https:\/\/chateaumeillant.fr\/\" \/>\n<meta property=\"og:site_name\" content=\"Ch\u00e2teaumeillant\" \/>\n<meta property=\"article:publisher\" content=\"https:\/\/www.facebook.com\/profile.php?id=100064284715172\" \/>\n<meta property=\"article:modified_time\" content=\"2026-02-24T08:18:14+00:00\" \/>\n<meta property=\"og:image\" content=\"https:\/\/chateaumeillant.fr\/wp-content\/uploads\/2022\/03\/logo-CHTMLLT-blancFichier-37@2x-1024x194.png\" \/>\n<meta name=\"twitter:card\" content=\"summary_large_image\" \/>\n<meta name=\"twitter:label1\" content=\"Dur\u00e9e de lecture estim\u00e9e\" \/>\n\t<meta name=\"twitter:data1\" content=\"1 minute\" \/>\n<script type=\"application\/ld+json\" class=\"yoast-schema-graph\">{\"@context\":\"https:\/\/schema.org\",\"@graph\":[{\"@type\":\"WebPage\",\"@id\":\"https:\/\/chateaumeillant.fr\/\",\"url\":\"https:\/\/chateaumeillant.fr\/\",\"name\":\"At\u00e9rissage - Ch\u00e2teaumeillant\",\"isPartOf\":{\"@id\":\"https:\/\/chateaumeillant.fr\/#website\"},\"datePublished\":\"2022-03-04T15:20:10+00:00\",\"dateModified\":\"2026-02-24T08:18:14+00:00\",\"breadcrumb\":{\"@id\":\"https:\/\/chateaumeillant.fr\/#breadcrumb\"},\"inLanguage\":\"fr-FR\",\"potentialAction\":[{\"@type\":\"ReadAction\",\"target\":[\"https:\/\/chateaumeillant.fr\/\"]}]},{\"@type\":\"BreadcrumbList\",\"@id\":\"https:\/\/chateaumeillant.fr\/#breadcrumb\",\"itemListElement\":[{\"@type\":\"ListItem\",\"position\":1,\"name\":\"Accueil\",\"item\":\"https:\/\/chateaumeillant.fr\/\"},{\"@type\":\"ListItem\",\"position\":2,\"name\":\"At\u00e9rissage\"}]},{\"@type\":\"WebSite\",\"@id\":\"https:\/\/chateaumeillant.fr\/#website\",\"url\":\"https:\/\/chateaumeillant.fr\/\",\"name\":\"Ch\u00e2teaumeillant\",\"description\":\"A la crois\u00e9e des chemins\",\"publisher\":{\"@id\":\"https:\/\/chateaumeillant.fr\/#organization\"},\"alternateName\":\"Site officiel de la ville de Ch\u00e2teaumeillant\",\"potentialAction\":[{\"@type\":\"SearchAction\",\"target\":{\"@type\":\"EntryPoint\",\"urlTemplate\":\"https:\/\/chateaumeillant.fr\/?s={search_term_string}\"},\"query-input\":\"required name=search_term_string\"}],\"inLanguage\":\"fr-FR\"},{\"@type\":\"Organization\",\"@id\":\"https:\/\/chateaumeillant.fr\/#organization\",\"name\":\"Mairie de Ch\u00e2teaumeillant\",\"alternateName\":\"Commune de Ch\u00e2teaumeillant\",\"url\":\"https:\/\/chateaumeillant.fr\/\",\"logo\":{\"@type\":\"ImageObject\",\"inLanguage\":\"fr-FR\",\"@id\":\"https:\/\/chateaumeillant.fr\/#\/schema\/logo\/image\/\",\"url\":\"https:\/\/chateaumeillant.fr\/wp-content\/uploads\/2022\/03\/cropped-logo-CHTMLLT-couleurFichier-44@2x.png\",\"contentUrl\":\"https:\/\/chateaumeillant.fr\/wp-content\/uploads\/2022\/03\/cropped-logo-CHTMLLT-couleurFichier-44@2x.png\",\"width\":1318,\"height\":250,\"caption\":\"Mairie de Ch\u00e2teaumeillant\"},\"image\":{\"@id\":\"https:\/\/chateaumeillant.fr\/#\/schema\/logo\/image\/\"},\"sameAs\":[\"https:\/\/www.facebook.com\/profile.php?id=100064284715172\"]}]}<\/script>\n<!-- \/ Yoast SEO plugin. -->","yoast_head_json":{"title":"At\u00e9rissage - Ch\u00e2teaumeillant","robots":{"index":"index","follow":"follow","max-snippet":"max-snippet:-1","max-image-preview":"max-image-preview:large","max-video-preview":"max-video-preview:-1"},"canonical":"https:\/\/chateaumeillant.fr\/","og_locale":"fr_FR","og_type":"article","og_title":"At\u00e9rissage - Ch\u00e2teaumeillant","og_description":"ELECTION DE LA REINE 4 Avril 2026 \u00e0 19H Inscription avant le 6 Mars 2026 Visitez Ch\u00e2teaumeillant Click on the flag to see the english version.\u00a0","og_url":"https:\/\/chateaumeillant.fr\/","og_site_name":"Ch\u00e2teaumeillant","article_publisher":"https:\/\/www.facebook.com\/profile.php?id=100064284715172","article_modified_time":"2026-02-24T08:18:14+00:00","og_image":[{"url":"https:\/\/chateaumeillant.fr\/wp-content\/uploads\/2022\/03\/logo-CHTMLLT-blancFichier-37@2x-1024x194.png"}],"twitter_card":"summary_large_image","twitter_misc":{"Dur\u00e9e de lecture estim\u00e9e":"1 minute"},"schema":{"@context":"https:\/\/schema.org","@graph":[{"@type":"WebPage","@id":"https:\/\/chateaumeillant.fr\/","url":"https:\/\/chateaumeillant.fr\/","name":"At\u00e9rissage - Ch\u00e2teaumeillant","isPartOf":{"@id":"https:\/\/chateaumeillant.fr\/#website"},"datePublished":"2022-03-04T15:20:10+00:00","dateModified":"2026-02-24T08:18:14+00:00","breadcrumb":{"@id":"https:\/\/chateaumeillant.fr\/#breadcrumb"},"inLanguage":"fr-FR","potentialAction":[{"@type":"ReadAction","target":["https:\/\/chateaumeillant.fr\/"]}]},{"@type":"BreadcrumbList","@id":"https:\/\/chateaumeillant.fr\/#breadcrumb","itemListElement":[{"@type":"ListItem","position":1,"name":"Accueil","item":"https:\/\/chateaumeillant.fr\/"},{"@type":"ListItem","position":2,"name":"At\u00e9rissage"}]},{"@type":"WebSite","@id":"https:\/\/chateaumeillant.fr\/#website","url":"https:\/\/chateaumeillant.fr\/","name":"Ch\u00e2teaumeillant","description":"A la crois\u00e9e des chemins","publisher":{"@id":"https:\/\/chateaumeillant.fr\/#organization"},"alternateName":"Site officiel de la ville de Ch\u00e2teaumeillant","potentialAction":[{"@type":"SearchAction","target":{"@type":"EntryPoint","urlTemplate":"https:\/\/chateaumeillant.fr\/?s={search_term_string}"},"query-input":"required name=search_term_string"}],"inLanguage":"fr-FR"},{"@type":"Organization","@id":"https:\/\/chateaumeillant.fr\/#organization","name":"Mairie de Ch\u00e2teaumeillant","alternateName":"Commune de Ch\u00e2teaumeillant","url":"https:\/\/chateaumeillant.fr\/","logo":{"@type":"ImageObject","inLanguage":"fr-FR","@id":"https:\/\/chateaumeillant.fr\/#\/schema\/logo\/image\/","url":"https:\/\/chateaumeillant.fr\/wp-content\/uploads\/2022\/03\/cropped-logo-CHTMLLT-couleurFichier-44@2x.png","contentUrl":"https:\/\/chateaumeillant.fr\/wp-content\/uploads\/2022\/03\/cropped-logo-CHTMLLT-couleurFichier-44@2x.png","width":1318,"height":250,"caption":"Mairie de Ch\u00e2teaumeillant"},"image":{"@id":"https:\/\/chateaumeillant.fr\/#\/schema\/logo\/image\/"},"sameAs":["https:\/\/www.facebook.com\/profile.php?id=100064284715172"]}]}},"_links":{"self":[{"href":"https:\/\/chateaumeillant.fr\/index.php\/wp-json\/wp\/v2\/pages\/773","targetHints":{"allow":["GET"]}}],"collection":[{"href":"https:\/\/chateaumeillant.fr\/index.php\/wp-json\/wp\/v2\/pages"}],"about":[{"href":"https:\/\/chateaumeillant.fr\/index.php\/wp-json\/wp\/v2\/types\/page"}],"author":[{"embeddable":true,"href":"https:\/\/chateaumeillant.fr\/index.php\/wp-json\/wp\/v2\/users\/1"}],"replies":[{"embeddable":true,"href":"https:\/\/chateaumeillant.fr\/index.php\/wp-json\/wp\/v2\/comments?post=773"}],"version-history":[{"count":267,"href":"https:\/\/chateaumeillant.fr\/index.php\/wp-json\/wp\/v2\/pages\/773\/revisions"}],"predecessor-version":[{"id":12269,"href":"https:\/\/chateaumeillant.fr\/index.php\/wp-json\/wp\/v2\/pages\/773\/revisions\/12269"}],"wp:attachment":[{"href":"https:\/\/chateaumeillant.fr\/index.php\/wp-json\/wp\/v2\/media?parent=773"}],"curies":[{"name":"wp","href":"https:\/\/api.w.org\/{rel}","templated":true}]}}